{"id":14,"date":"2024-06-27T11:38:49","date_gmt":"2024-06-27T11:38:49","guid":{"rendered":"https:\/\/camilleherter.com\/?page_id=14"},"modified":"2025-09-14T20:57:54","modified_gmt":"2025-09-14T20:57:54","slug":"ueber-camille-herter","status":"publish","type":"page","link":"https:\/\/camilleherter.com\/index.php\/ueber-camille-herter\/","title":{"rendered":"Leben durch Schreiben"},"content":{"rendered":"\n<p><\/p>\n\n\n\n<p>\u201eIch existiere nur, wenn ich schreibe, ich bin nichts, wenn ich nicht schreibe\u201c, sagte einst Ingeborg Bachmann.<\/p>\n\n\n\n<p>Camille Herter hat das literarische Leben sp\u00e4t begonnen, schreibt jeden Text, als w\u00e4re er der letzte, und freut sich stets, sich geirrt zu haben und weiterleben zu d\u00fcrfen.<\/p>\n\n\n\n<p><\/p>\n\n\n\n<p><\/p>\n\n\n\n<p><\/p>\n\n\n\n<p><\/p>\n\n\n\n<p><\/p>\n\n\n\n<p><\/p>\n\n\n\n<p><\/p>\n\n\n\n<p><\/p>\n\n\n\n<p><\/p>\n\n\n\n<p><\/p>\n","protected":false},"excerpt":{"rendered":"<p>\u201eIch existiere nur, wenn ich schreibe, ich bin nichts, wenn ich nicht schreibe\u201c, sagte einst Ingeborg Bachmann. Camille Herter hat das literarische Leben sp\u00e4t begonnen, schreibt jeden Text, als w\u00e4re er der letzte, und freut sich stets, sich geirrt zu haben und weiterleben zu d\u00fcrfen.<\/p>\n","protected":false},"author":1,"featured_media":0,"parent":0,"menu_order":0,"comment_status":"closed","ping_status":"closed","template":"","meta":{"footnotes":""},"class_list":["post-14","page","type-page","status-publish","hentry"],"_links":{"self":[{"href":"https:\/\/camilleherter.com\/index.php\/wp-json\/wp\/v2\/pages\/14","targetHints":{"allow":["GET"]}}],"collection":[{"href":"https:\/\/camilleherter.com\/index.php\/wp-json\/wp\/v2\/pages"}],"about":[{"href":"https:\/\/camilleherter.com\/index.php\/wp-json\/wp\/v2\/types\/page"}],"author":[{"embeddable":true,"href":"https:\/\/camilleherter.com\/index.php\/wp-json\/wp\/v2\/users\/1"}],"replies":[{"embeddable":true,"href":"https:\/\/camilleherter.com\/index.php\/wp-json\/wp\/v2\/comments?post=14"}],"version-history":[{"count":22,"href":"https:\/\/camilleherter.com\/index.php\/wp-json\/wp\/v2\/pages\/14\/revisions"}],"predecessor-version":[{"id":83,"href":"https:\/\/camilleherter.com\/index.php\/wp-json\/wp\/v2\/pages\/14\/revisions\/83"}],"wp:attachment":[{"href":"https:\/\/camilleherter.com\/index.php\/wp-json\/wp\/v2\/media?parent=14"}],"curies":[{"name":"wp","href":"https:\/\/api.w.org\/{rel}","templated":true}]}}